{"id":2688,"date":"2024-12-04T15:34:16","date_gmt":"2024-12-04T15:34:16","guid":{"rendered":"https:\/\/marcelectronica.com\/blog\/?page_id=2688"},"modified":"2024-12-05T16:52:38","modified_gmt":"2024-12-05T16:52:38","slug":"nossos-servicos","status":"publish","type":"page","link":"https:\/\/marcelectronica.com\/pt\/nossos-servicos\/","title":{"rendered":"Nossos Servi\u00e7os"},"content":{"rendered":"\t\t<div data-elementor-type=\"wp-page\" data-elementor-id=\"2688\" class=\"elementor elementor-2688\">\n\t\t\t\t<div class=\"elementor-element elementor-element-4e4458e e-flex e-con-boxed e-con e-parent\" data-id=\"4e4458e\" data-element_type=\"container\">\n\t\t\t\t\t<div class=\"e-con-inner\">\n\t\t\t\t<div class=\"elementor-element elementor-element-d620ab4 elementor-widget elementor-widget-heading\" data-id=\"d620ab4\" data-element_type=\"widget\" data-widget_type=\"heading.default\">\n\t\t\t\t<div class=\"elementor-widget-container\">\n\t\t\t<h3 class=\"elementor-heading-title elementor-size-default\">AQUI TEM UMA VIS\u00c3O GERAL DOS NOSSOS SERVI\u00c7OS<\/h3>\t\t<\/div>\n\t\t\t\t<\/div>\n\t\t\t\t\t<\/div>\n\t\t\t\t<\/div>\n\t\t<div class=\"elementor-element elementor-element-421fc56 e-flex e-con-boxed e-con e-parent\" data-id=\"421fc56\" data-element_type=\"container\">\n\t\t\t\t\t<div class=\"e-con-inner\">\n\t\t<div class=\"elementor-element elementor-element-08cbb37 e-con-full e-flex e-con e-child\" data-id=\"08cbb37\" data-element_type=\"container\">\n\t\t\t\t<div class=\"elementor-element elementor-element-8201c99 elementor-widget elementor-widget-image\" data-id=\"8201c99\" data-element_type=\"widget\" data-widget_type=\"image.default\">\n\t\t\t\t<div class=\"elementor-widget-container\">\n\t\t\t\t\t\t\t\t\t\t\t\t\t<img fetchpriority=\"high\" decoding=\"async\" width=\"640\" height=\"368\" src=\"https:\/\/marcelectronica.com\/pt\/wp-content\/uploads\/2024\/02\/service-instalation.png\" class=\"attachment-large size-large wp-image-1951\" alt=\"Installations Services Marc Electronica\" srcset=\"https:\/\/marcelectronica.com\/pt\/wp-content\/uploads\/2024\/02\/service-instalation.png 940w, https:\/\/marcelectronica.com\/pt\/wp-content\/uploads\/2024\/02\/service-instalation-300x172.png 300w, https:\/\/marcelectronica.com\/pt\/wp-content\/uploads\/2024\/02\/service-instalation-768x441.png 768w, https:\/\/marcelectronica.com\/pt\/wp-content\/uploads\/2024\/02\/service-instalation-570x327.png 570w, https:\/\/marcelectronica.com\/pt\/wp-content\/uploads\/2024\/02\/service-instalation-270x155.png 270w\" sizes=\"(max-width: 640px) 100vw, 640px\" \/>\t\t\t\t\t\t\t\t\t\t\t\t\t<\/div>\n\t\t\t\t<\/div>\n\t\t\t\t<\/div>\n\t\t<div class=\"elementor-element elementor-element-ef73c6c e-con-full e-flex e-con e-child\" data-id=\"ef73c6c\" data-element_type=\"container\">\n\t\t\t\t<div class=\"elementor-element elementor-element-2d6a948 elementor-widget elementor-widget-text-editor\" data-id=\"2d6a948\" data-element_type=\"widget\" data-widget_type=\"text-editor.default\">\n\t\t\t\t<div class=\"elementor-widget-container\">\n\t\t\t\t\t\t\t<h3><span style=\"color: #000000;\">Servi\u00e7os de instala\u00e7\u00e3o<\/span><\/h3><p><span style=\"color: #000000;\">Fazemos instala\u00e7\u00f5es para tudo, desde antenas parab\u00f3licas at\u00e9 TVs e sistemas de som.<\/span><\/p><p><span style=\"color: #000000;\">Se precisar de ajuda na instala\u00e7\u00e3o ou realinhamento de uma antena parab\u00f3lica; Para instalar sua TV ou coloc\u00e1-la na parede; Fazer um sistema de som funcionar novamente; E muito mais!<\/span><\/p><p><span style=\"color: #000000;\">Entre em contato connosco para descobrir o que podemos fazer por si. Ao agendar uma marca\u00e7\u00e3o connosco, certamente ficar\u00e1 satisfeito com o nosso trabalho.<\/span><\/p>\t\t\t\t\t\t<\/div>\n\t\t\t\t<\/div>\n\t\t\t\t<\/div>\n\t\t<div class=\"elementor-element elementor-element-a22426c e-con-full e-flex e-con e-child\" data-id=\"a22426c\" data-element_type=\"container\">\n\t\t\t\t<div class=\"elementor-element elementor-element-99effa2 elementor-widget elementor-widget-text-editor\" data-id=\"99effa2\" data-element_type=\"widget\" data-widget_type=\"text-editor.default\">\n\t\t\t\t<div class=\"elementor-widget-container\">\n\t\t\t\t\t\t\t<h3><span style=\"color: #000000;\">Solu\u00e7\u00f5es\u00a0 de TV e sistemas de som<\/span><\/h3><p><span style=\"color: #000000;\">Seja uma nova TV, canais de TV ou um novo sistema de som, estamos prontos para ajud\u00e1-lo a obter as melhores op\u00e7\u00f5es.<\/span><\/p><p><span style=\"color: #000000;\">Se pretende adquirir uma TV nova, podemos ajud\u00e1-lo e fornecer uma televis\u00e3o da sua escolha ou, caso n\u00e3o saiba ainda o que quer, ajud\u00e1-lo a encontrar uma que atenda \u00e0s suas necessidades. Tamb\u00e9m fornecemos uma grande variedade de canais de televis\u00e3o, para sistemas de sat\u00e9lite ou de Internet, de v\u00e1rios pa\u00edses europeus.<\/span><\/p><p><span style=\"color: #000000;\">Gostaria de ter novos alto-falantes, um sistema de surround sound para sua sala de estar ou um sistema configurado para uma sala de cinema? Fale connosco para a melhor solu\u00e7\u00e3o.<\/span><\/p>\t\t\t\t\t\t<\/div>\n\t\t\t\t<\/div>\n\t\t\t\t<\/div>\n\t\t<div class=\"elementor-element elementor-element-ed256fa e-con-full e-flex e-con e-child\" data-id=\"ed256fa\" data-element_type=\"container\">\n\t\t\t\t<div class=\"elementor-element elementor-element-01ab14e elementor-widget elementor-widget-image\" data-id=\"01ab14e\" data-element_type=\"widget\" data-widget_type=\"image.default\">\n\t\t\t\t<div class=\"elementor-widget-container\">\n\t\t\t\t\t\t\t\t\t\t\t\t\t<img decoding=\"async\" width=\"640\" height=\"368\" src=\"https:\/\/marcelectronica.com\/pt\/wp-content\/uploads\/2024\/02\/Service-TVsound.png\" class=\"attachment-large size-large wp-image-1950\" alt=\"Installations Services Marc Electronica\" srcset=\"https:\/\/marcelectronica.com\/pt\/wp-content\/uploads\/2024\/02\/Service-TVsound.png 940w, https:\/\/marcelectronica.com\/pt\/wp-content\/uploads\/2024\/02\/Service-TVsound-300x172.png 300w, https:\/\/marcelectronica.com\/pt\/wp-content\/uploads\/2024\/02\/Service-TVsound-768x441.png 768w, https:\/\/marcelectronica.com\/pt\/wp-content\/uploads\/2024\/02\/Service-TVsound-570x327.png 570w, https:\/\/marcelectronica.com\/pt\/wp-content\/uploads\/2024\/02\/Service-TVsound-270x155.png 270w\" sizes=\"(max-width: 640px) 100vw, 640px\" \/>\t\t\t\t\t\t\t\t\t\t\t\t\t<\/div>\n\t\t\t\t<\/div>\n\t\t\t\t<\/div>\n\t\t<div class=\"elementor-element elementor-element-f7c8ba3 e-con-full e-flex e-con e-child\" data-id=\"f7c8ba3\" data-element_type=\"container\">\n\t\t\t\t<div class=\"elementor-element elementor-element-b6a57a8 elementor-widget elementor-widget-image\" data-id=\"b6a57a8\" data-element_type=\"widget\" data-widget_type=\"image.default\">\n\t\t\t\t<div class=\"elementor-widget-container\">\n\t\t\t\t\t\t\t\t\t\t\t\t\t<img decoding=\"async\" width=\"640\" height=\"368\" src=\"https:\/\/marcelectronica.com\/pt\/wp-content\/uploads\/2024\/02\/Installations-Services1.png\" class=\"attachment-large size-large wp-image-1989\" alt=\"\" srcset=\"https:\/\/marcelectronica.com\/pt\/wp-content\/uploads\/2024\/02\/Installations-Services1.png 940w, https:\/\/marcelectronica.com\/pt\/wp-content\/uploads\/2024\/02\/Installations-Services1-300x172.png 300w, https:\/\/marcelectronica.com\/pt\/wp-content\/uploads\/2024\/02\/Installations-Services1-768x441.png 768w, https:\/\/marcelectronica.com\/pt\/wp-content\/uploads\/2024\/02\/Installations-Services1-570x327.png 570w, https:\/\/marcelectronica.com\/pt\/wp-content\/uploads\/2024\/02\/Installations-Services1-270x155.png 270w\" sizes=\"(max-width: 640px) 100vw, 640px\" \/>\t\t\t\t\t\t\t\t\t\t\t\t\t<\/div>\n\t\t\t\t<\/div>\n\t\t\t\t<\/div>\n\t\t<div class=\"elementor-element elementor-element-47e4dc0 e-con-full e-flex e-con e-child\" data-id=\"47e4dc0\" data-element_type=\"container\">\n\t\t\t\t<div class=\"elementor-element elementor-element-263dd9a elementor-widget elementor-widget-text-editor\" data-id=\"263dd9a\" data-element_type=\"widget\" data-widget_type=\"text-editor.default\">\n\t\t\t\t<div class=\"elementor-widget-container\">\n\t\t\t\t\t\t\t<h3><span style=\"color: #000000;\">Distribui\u00e7\u00e3o de Wi-Fi<\/span><\/h3><p><span style=\"color: #000000;\">Para garantir que a sua rede internet chegue onde precisa, pode contar connosco para encontrar uma solu\u00e7\u00e3o.<\/span><\/p><p><span style=\"color: #000000;\">Desde sistemas TP-Link a Unifi, estamos aqui para ajud\u00e1-lo a chegar mais longe.<\/span><\/p><p><span style=\"color: #000000;\">Chega de buffering quando est\u00e1 no seu jardim ou rece\u00e7\u00e3o Wi-Fi intermitente em \u00e1reas mais distantes da sua casa.<\/span><\/p><p><span style=\"color: #000000;\">Entre em contato connosco para fazer um or\u00e7amento.<\/span><\/p>\t\t\t\t\t\t<\/div>\n\t\t\t\t<\/div>\n\t\t\t\t<\/div>\n\t\t\t\t\t<\/div>\n\t\t\t\t<\/div>\n\t\t\t\t<\/div>\n\t\t","protected":false},"excerpt":{"rendered":"<p>AQUI TEM UMA VIS\u00c3O GERAL DOS NOSSOS SERVI\u00c7OS Servi\u00e7os de instala\u00e7\u00e3o Fazemos instala\u00e7\u00f5es para tudo, desde antenas parab\u00f3licas at\u00e9 TVs e sistemas de som. Se precisar de ajuda na instala\u00e7\u00e3o<\/p>\n","protected":false},"author":2,"featured_media":0,"parent":0,"menu_order":0,"comment_status":"closed","ping_status":"closed","template":"","meta":{"_joinchat":[],"footnotes":""},"class_list":{"1":"page","2":"type-page","3":"status-publish","4":"hentry"},"yoast_head":"<!-- This site is optimized with the Yoast SEO plugin v24.0 - https:\/\/yoast.com\/wordpress\/plugins\/seo\/ -->\n<title>Nossos Servi\u00e7os - Marc Electronica<\/title>\n<meta name=\"robots\" content=\"index, follow, max-snippet:-1, max-image-preview:large, max-video-preview:-1\" \/>\n<link rel=\"canonical\" href=\"https:\/\/marcelectronica.com\/pt\/nossos-servicos\/\" \/>\n<meta property=\"og:locale\" content=\"pt_PT\" \/>\n<meta property=\"og:type\" content=\"article\" \/>\n<meta property=\"og:title\" content=\"Nossos Servi\u00e7os - Marc Electronica\" \/>\n<meta property=\"og:description\" content=\"AQUI TEM UMA VIS\u00c3O GERAL DOS NOSSOS SERVI\u00c7OS Servi\u00e7os de instala\u00e7\u00e3o Fazemos instala\u00e7\u00f5es para tudo, desde antenas parab\u00f3licas at\u00e9 TVs e sistemas de som. Se precisar de ajuda na instala\u00e7\u00e3o\" \/>\n<meta property=\"og:url\" content=\"https:\/\/marcelectronica.com\/pt\/nossos-servicos\/\" \/>\n<meta property=\"og:site_name\" content=\"Marc Electronica\" \/>\n<meta property=\"article:modified_time\" content=\"2024-12-05T16:52:38+00:00\" \/>\n<meta property=\"og:image\" content=\"https:\/\/marcelectronica.com\/pt\/wp-content\/uploads\/2024\/02\/service-instalation.png\" \/>\n<meta name=\"twitter:card\" content=\"summary_large_image\" \/>\n<meta name=\"twitter:label1\" content=\"Tempo estimado de leitura\" \/>\n\t<meta name=\"twitter:data1\" content=\"2 minutos\" \/>\n<script type=\"application\/ld+json\" class=\"yoast-schema-graph\">{\"@context\":\"https:\/\/schema.org\",\"@graph\":[{\"@type\":\"WebPage\",\"@id\":\"https:\/\/marcelectronica.com\/pt\/nossos-servicos\/\",\"url\":\"https:\/\/marcelectronica.com\/pt\/nossos-servicos\/\",\"name\":\"Nossos Servi\u00e7os - Marc Electronica\",\"isPartOf\":{\"@id\":\"https:\/\/marcelectronica.com\/pt\/#website\"},\"primaryImageOfPage\":{\"@id\":\"https:\/\/marcelectronica.com\/pt\/nossos-servicos\/#primaryimage\"},\"image\":{\"@id\":\"https:\/\/marcelectronica.com\/pt\/nossos-servicos\/#primaryimage\"},\"thumbnailUrl\":\"https:\/\/marcelectronica.com\/pt\/wp-content\/uploads\/2024\/02\/service-instalation.png\",\"datePublished\":\"2024-12-04T15:34:16+00:00\",\"dateModified\":\"2024-12-05T16:52:38+00:00\",\"breadcrumb\":{\"@id\":\"https:\/\/marcelectronica.com\/pt\/nossos-servicos\/#breadcrumb\"},\"inLanguage\":\"pt-PT\",\"potentialAction\":[{\"@type\":\"ReadAction\",\"target\":[\"https:\/\/marcelectronica.com\/pt\/nossos-servicos\/\"]}]},{\"@type\":\"ImageObject\",\"inLanguage\":\"pt-PT\",\"@id\":\"https:\/\/marcelectronica.com\/pt\/nossos-servicos\/#primaryimage\",\"url\":\"https:\/\/marcelectronica.com\/pt\/wp-content\/uploads\/2024\/02\/service-instalation.png\",\"contentUrl\":\"https:\/\/marcelectronica.com\/pt\/wp-content\/uploads\/2024\/02\/service-instalation.png\",\"width\":940,\"height\":540,\"caption\":\"Installations Services Marc Electronica\"},{\"@type\":\"BreadcrumbList\",\"@id\":\"https:\/\/marcelectronica.com\/pt\/nossos-servicos\/#breadcrumb\",\"itemListElement\":[{\"@type\":\"ListItem\",\"position\":1,\"name\":\"Home\",\"item\":\"https:\/\/marcelectronica.com\/pt\/\"},{\"@type\":\"ListItem\",\"position\":2,\"name\":\"Nossos Servi\u00e7os\"}]},{\"@type\":\"WebSite\",\"@id\":\"https:\/\/marcelectronica.com\/pt\/#website\",\"url\":\"https:\/\/marcelectronica.com\/pt\/\",\"name\":\"Marc Electronica\",\"description\":\"Satellite, TV, Audio &amp; Internet in the Algarve\",\"publisher\":{\"@id\":\"https:\/\/marcelectronica.com\/pt\/#organization\"},\"potentialAction\":[{\"@type\":\"SearchAction\",\"target\":{\"@type\":\"EntryPoint\",\"urlTemplate\":\"https:\/\/marcelectronica.com\/pt\/?s={search_term_string}\"},\"query-input\":{\"@type\":\"PropertyValueSpecification\",\"valueRequired\":true,\"valueName\":\"search_term_string\"}}],\"inLanguage\":\"pt-PT\"},{\"@type\":\"Organization\",\"@id\":\"https:\/\/marcelectronica.com\/pt\/#organization\",\"name\":\"Marc Electronica\",\"url\":\"https:\/\/marcelectronica.com\/pt\/\",\"logo\":{\"@type\":\"ImageObject\",\"inLanguage\":\"pt-PT\",\"@id\":\"https:\/\/marcelectronica.com\/pt\/#\/schema\/logo\/image\/\",\"url\":\"https:\/\/marcelectronica.com\/pt\/wp-content\/uploads\/2024\/01\/ME-logo-space-100x600-1.png\",\"contentUrl\":\"https:\/\/marcelectronica.com\/pt\/wp-content\/uploads\/2024\/01\/ME-logo-space-100x600-1.png\",\"width\":600,\"height\":100,\"caption\":\"Marc Electronica\"},\"image\":{\"@id\":\"https:\/\/marcelectronica.com\/pt\/#\/schema\/logo\/image\/\"}}]}<\/script>\n<!-- \/ Yoast SEO plugin. -->","yoast_head_json":{"title":"Nossos Servi\u00e7os - Marc Electronica","robots":{"index":"index","follow":"follow","max-snippet":"max-snippet:-1","max-image-preview":"max-image-preview:large","max-video-preview":"max-video-preview:-1"},"canonical":"https:\/\/marcelectronica.com\/pt\/nossos-servicos\/","og_locale":"pt_PT","og_type":"article","og_title":"Nossos Servi\u00e7os - Marc Electronica","og_description":"AQUI TEM UMA VIS\u00c3O GERAL DOS NOSSOS SERVI\u00c7OS Servi\u00e7os de instala\u00e7\u00e3o Fazemos instala\u00e7\u00f5es para tudo, desde antenas parab\u00f3licas at\u00e9 TVs e sistemas de som. Se precisar de ajuda na instala\u00e7\u00e3o","og_url":"https:\/\/marcelectronica.com\/pt\/nossos-servicos\/","og_site_name":"Marc Electronica","article_modified_time":"2024-12-05T16:52:38+00:00","og_image":[{"url":"https:\/\/marcelectronica.com\/pt\/wp-content\/uploads\/2024\/02\/service-instalation.png","type":"","width":"","height":""}],"twitter_card":"summary_large_image","twitter_misc":{"Tempo estimado de leitura":"2 minutos"},"schema":{"@context":"https:\/\/schema.org","@graph":[{"@type":"WebPage","@id":"https:\/\/marcelectronica.com\/pt\/nossos-servicos\/","url":"https:\/\/marcelectronica.com\/pt\/nossos-servicos\/","name":"Nossos Servi\u00e7os - Marc Electronica","isPartOf":{"@id":"https:\/\/marcelectronica.com\/pt\/#website"},"primaryImageOfPage":{"@id":"https:\/\/marcelectronica.com\/pt\/nossos-servicos\/#primaryimage"},"image":{"@id":"https:\/\/marcelectronica.com\/pt\/nossos-servicos\/#primaryimage"},"thumbnailUrl":"https:\/\/marcelectronica.com\/pt\/wp-content\/uploads\/2024\/02\/service-instalation.png","datePublished":"2024-12-04T15:34:16+00:00","dateModified":"2024-12-05T16:52:38+00:00","breadcrumb":{"@id":"https:\/\/marcelectronica.com\/pt\/nossos-servicos\/#breadcrumb"},"inLanguage":"pt-PT","potentialAction":[{"@type":"ReadAction","target":["https:\/\/marcelectronica.com\/pt\/nossos-servicos\/"]}]},{"@type":"ImageObject","inLanguage":"pt-PT","@id":"https:\/\/marcelectronica.com\/pt\/nossos-servicos\/#primaryimage","url":"https:\/\/marcelectronica.com\/pt\/wp-content\/uploads\/2024\/02\/service-instalation.png","contentUrl":"https:\/\/marcelectronica.com\/pt\/wp-content\/uploads\/2024\/02\/service-instalation.png","width":940,"height":540,"caption":"Installations Services Marc Electronica"},{"@type":"BreadcrumbList","@id":"https:\/\/marcelectronica.com\/pt\/nossos-servicos\/#breadcrumb","itemListElement":[{"@type":"ListItem","position":1,"name":"Home","item":"https:\/\/marcelectronica.com\/pt\/"},{"@type":"ListItem","position":2,"name":"Nossos Servi\u00e7os"}]},{"@type":"WebSite","@id":"https:\/\/marcelectronica.com\/pt\/#website","url":"https:\/\/marcelectronica.com\/pt\/","name":"Marc Electronica","description":"Satellite, TV, Audio &amp; Internet in the Algarve","publisher":{"@id":"https:\/\/marcelectronica.com\/pt\/#organization"},"potentialAction":[{"@type":"SearchAction","target":{"@type":"EntryPoint","urlTemplate":"https:\/\/marcelectronica.com\/pt\/?s={search_term_string}"},"query-input":{"@type":"PropertyValueSpecification","valueRequired":true,"valueName":"search_term_string"}}],"inLanguage":"pt-PT"},{"@type":"Organization","@id":"https:\/\/marcelectronica.com\/pt\/#organization","name":"Marc Electronica","url":"https:\/\/marcelectronica.com\/pt\/","logo":{"@type":"ImageObject","inLanguage":"pt-PT","@id":"https:\/\/marcelectronica.com\/pt\/#\/schema\/logo\/image\/","url":"https:\/\/marcelectronica.com\/pt\/wp-content\/uploads\/2024\/01\/ME-logo-space-100x600-1.png","contentUrl":"https:\/\/marcelectronica.com\/pt\/wp-content\/uploads\/2024\/01\/ME-logo-space-100x600-1.png","width":600,"height":100,"caption":"Marc Electronica"},"image":{"@id":"https:\/\/marcelectronica.com\/pt\/#\/schema\/logo\/image\/"}}]}},"_links":{"self":[{"href":"https:\/\/marcelectronica.com\/pt\/wp-json\/wp\/v2\/pages\/2688","targetHints":{"allow":["GET"]}}],"collection":[{"href":"https:\/\/marcelectronica.com\/pt\/wp-json\/wp\/v2\/pages"}],"about":[{"href":"https:\/\/marcelectronica.com\/pt\/wp-json\/wp\/v2\/types\/page"}],"author":[{"embeddable":true,"href":"https:\/\/marcelectronica.com\/pt\/wp-json\/wp\/v2\/users\/2"}],"replies":[{"embeddable":true,"href":"https:\/\/marcelectronica.com\/pt\/wp-json\/wp\/v2\/comments?post=2688"}],"version-history":[{"count":16,"href":"https:\/\/marcelectronica.com\/pt\/wp-json\/wp\/v2\/pages\/2688\/revisions"}],"predecessor-version":[{"id":2994,"href":"https:\/\/marcelectronica.com\/pt\/wp-json\/wp\/v2\/pages\/2688\/revisions\/2994"}],"wp:attachment":[{"href":"https:\/\/marcelectronica.com\/pt\/wp-json\/wp\/v2\/media?parent=2688"}],"curies":[{"name":"wp","href":"https:\/\/api.w.org\/{rel}","templated":true}]}}